{"id":140,"date":"2023-01-29T14:43:22","date_gmt":"2023-01-29T14:43:22","guid":{"rendered":"http:\/\/www.sy-ladysunshine.de\/?page_id=140"},"modified":"2023-01-29T14:52:59","modified_gmt":"2023-01-29T14:52:59","slug":"unser-boot","status":"publish","type":"page","link":"https:\/\/www.sy-ladysunshine.de\/index.php\/unser-boot\/","title":{"rendered":"Unser Boot"},"content":{"rendered":"\n<figure class=\"wp-block-image size-large\"><img loading=\"lazy\" decoding=\"async\" width=\"766\" height=\"1024\" src=\"http:\/\/www.sy-ladysunshine.de\/wp-content\/uploads\/Ladysunshine_Plan2-766x1024.gif\" alt=\"\" class=\"wp-image-163\" srcset=\"https:\/\/www.sy-ladysunshine.de\/wp-content\/uploads\/Ladysunshine_Plan2-766x1024.gif 766w, https:\/\/www.sy-ladysunshine.de\/wp-content\/uploads\/Ladysunshine_Plan2-224x300.gif 224w, https:\/\/www.sy-ladysunshine.de\/wp-content\/uploads\/Ladysunshine_Plan2-768x1027.gif 768w\" sizes=\"auto, (max-width: 706px) 89vw, (max-width: 767px) 82vw, 740px\" \/><\/figure>\n\n\n\n<p><strong>Allgemein<\/strong><\/p>\n\n\n\n<p>Vetus M4.17, 45PS, Zweikreisk\u00fchlung, 900h<\/p>\n\n\n\n<p>90l Dieseltank<\/p>\n\n\n\n<p>SEPAR Filter SWK 2000 mit Wasserabscheider und Schauglas<\/p>\n\n\n\n<p>450l Wasser in 3 Tanks individuell zuschaltbar, Fein- und Aktivkohlefilteranlage<\/p>\n\n\n\n<p>Wassermacher Katadyn 40E mit extended cruising kit (2016) F\u00e4kalientank<\/p>\n\n\n\n<p>Elektrische Druckwasserpumpe f\u00fcr Warm- und Kaltwasser (2016) in Pantry, Bad und Heckdusche, Salzwasseranschluss mit Fu\u00dfpumpe und Handpumpe f\u00fcr Trinkwasser in Pantry, Warmwasserboiler (K\u00fchlwasser und Landstrom beheizt)<\/p>\n\n\n\n<p>2 Flammen Gasherd mit Backofen<br>Edelstahl Gasgrill am Heckkorb (Stow and Go 160, Kuuma)<\/p>\n\n\n\n<p>Gasfernschalter Truma (2016) und 3x6kg Gasflaschen im Gaskasten (2016)<\/p>\n\n\n\n<p>Kompressork\u00fchlschrank Isotherm mit wassergek\u00fchltem Kondensator und Gefrierabteil<\/p>\n\n\n\n<p>K\u00fchltruhe bis -20\u00b0C Waeco Coolfreeze CFX40 (2016) Diesel-Standheizung (Aeroheat, 2016)<br>Wlan Antenne 9dB im Masttop mit 3G Router (Alfa, 2016) Ventilatoren in jeder Kabine, Windfang f\u00fcr Luke<\/p>\n\n\n\n<p><strong>Vor Anker<\/strong><\/p>\n\n\n\n<p>Lofrans Ankerwinde mit 8mm Spill und Seilwinde<br>20kg Lewmar Delta Anker mit 50m Kette und 30m Seil (2016)<br>16kg CQR Pflugschar Anker mit 25m Kette und 30m Seil<br>Beiboot mit Aluboden, L\u00e4nge 3,2m (Compass24, 2016)<br>Au\u00dfenborder 4Takt, 4 PS, interner und 12l externer Tank (Tohatsu, 2014)<\/p>\n\n\n\n<p><strong>Rigg und Segel<\/strong><\/p>\n\n\n\n<p>Profurl Rollreffanlage mit 50qm Genua (2014)<br>2. Vorstag mit Stagreiter Fock 30qm (2016) und Sturmfock 14qm (2016) 2 Teleskopb\u00e4ume f\u00fcr Passatbeseglung<br>Gro\u00dfsegel 30qm teilgelattet mit Lazy-jack-bag (2014)<br>2 Achterstage, isolierte SSB-Funk Antenne<\/p>\n\n\n\n<p><strong>Strom<\/strong><\/p>\n\n\n\n<p>12V System mit 380Ah Verbraucher (2017) und 80AH Starterbatterie (2016)<\/p>\n\n\n\n<p>80 Amp Ladeger\u00e4t PerfectCharge MCA1280 mit 3 Ladeausg\u00e4ngen 110- 220V (WAECO, 2016)<\/p>\n\n\n\n<p>Batteriemonitor (Votronic, 2016)<br>12V und USB Steckdosen in jeder Kabine<\/p>\n\n\n\n<p>2x100Wp Hochleistungs-Solarmodule (Phaesun, 2016) mit BlueSolar MPPT Laderegler (Victron Energy, 2016)<\/p>\n\n\n\n<p>Windgenerator Silentwind 400+ mit HybridBoost Laderegler (2016) Schleppgenerator zur Heckmontage (Aquair Ampair)<\/p>\n\n\n\n<p>230V Anschluss mit FI-Schutzschalter und Sicherungsautomaten f\u00fcr alle Kreisl\u00e4ufe, Steckdosen in jeder Kabine<\/p>\n\n\n\n<p>3,5kW Sinus-Wechselrichter MSI-3512T mit Netzvorrangschaltung und Fernbedienung (WAECO, 2016)<\/p>\n\n\n\n<p>LED Navi- und Innenbeleuchtung<\/p>\n\n\n\n<p><strong>Navigation und Instrumente<\/strong><\/p>\n\n\n\n<p>Windfahne vom Typ SouthAtlantic Plus mit eigenem Ruder zum Steuern und Notruder<\/p>\n\n\n\n<p>Multifunktionsdisplay Raymarine e7 mit Echolot\/Fishfinder (2014) Multifunktionsdisplay Raymarine a7 (2016)<br>Triducer Airmar<br>Kartenmaterial Digital von Navionics Europa (2015) und Karibik (2017)<\/p>\n\n\n\n<p>Aktuelle Papier Seekarten und Ankerf\u00fchrer f\u00fcr Karibik<\/p>\n\n\n\n<p>4kW Digital Radar Raymarine (2014)<\/p>\n\n\n\n<p>Multifunktionsinstrument i70 Raymarine, Windgeber im Masttop (2014)<\/p>\n\n\n\n<p>Hydraulischer Autopilot SPX10 mit Bedieneinheit P70 Raymarine (2014) Autopilot Fernsteuerung Raymarine SmartController (2016)<\/p>\n\n\n\n<p>UKW DSC Funk Raymarine E55 mit 2. Bedienteil am Steuerstand (2014) Antennensplitter AIS100 Raymarine (2014)<br>Aktives AIS 650 Raymarine (2014)<br>NMEA 2000 Netzwerkkopplung f\u00fcr jede Komponente<\/p>\n\n\n\n<p>Handfunke Icom IC-M25 (2016) Isoliertes Achterstag f\u00fcr SSB-Funk<\/p>\n\n\n\n<p><strong>Sicherheitsausr\u00fcstung<\/strong><\/p>\n\n\n\n<p>EPIRB MCMurdo G5 Smartfinder Plus (2015) Rettungsinsel Zodiac 6 Pers. (2014)<br>2 Elektrische und 1 manuelle Bilgenpumpe (2016) Div. Feuerl\u00f6scher, L\u00f6schdecke<br>CO2, Gas- und Rauchmelder<\/p>\n\n\n\n<figure class=\"wp-block-gallery has-nested-images columns-default is-cropped wp-block-gallery-1 is-layout-flex wp-block-gallery-is-layout-flex\">\n<figure class=\"wp-block-image size-large\"><img loading=\"lazy\" decoding=\"async\" width=\"662\" height=\"1000\" data-id=\"188\" src=\"http:\/\/www.sy-ladysunshine.de\/wp-content\/uploads\/Phantom39_Sale-8-1.jpg\" alt=\"\" class=\"wp-image-188\" srcset=\"https:\/\/www.sy-ladysunshine.de\/wp-content\/uploads\/Phantom39_Sale-8-1.jpg 662w, https:\/\/www.sy-ladysunshine.de\/wp-content\/uploads\/Phantom39_Sale-8-1-199x300.jpg 199w\" sizes=\"auto, (max-width: 662px) 100vw, 662px\" \/><\/figure>\n\n\n\n<figure class=\"wp-block-image size-large\"><img loading=\"lazy\" decoding=\"async\" width=\"662\" height=\"1000\" data-id=\"189\" src=\"http:\/\/www.sy-ladysunshine.de\/wp-content\/uploads\/Phantom39_Sale-9-1.jpg\" alt=\"\" class=\"wp-image-189\" srcset=\"https:\/\/www.sy-ladysunshine.de\/wp-content\/uploads\/Phantom39_Sale-9-1.jpg 662w, https:\/\/www.sy-ladysunshine.de\/wp-content\/uploads\/Phantom39_Sale-9-1-199x300.jpg 199w\" sizes=\"auto, (max-width: 662px) 100vw, 662px\" \/><\/figure>\n\n\n\n<figure class=\"wp-block-image size-large\"><img loading=\"lazy\" decoding=\"async\" width=\"662\" height=\"1000\" data-id=\"190\" src=\"http:\/\/www.sy-ladysunshine.de\/wp-content\/uploads\/Phantom39_Sale-10-1.jpg\" alt=\"\" class=\"wp-image-190\" srcset=\"https:\/\/www.sy-ladysunshine.de\/wp-content\/uploads\/Phantom39_Sale-10-1.jpg 662w, https:\/\/www.sy-ladysunshine.de\/wp-content\/uploads\/Phantom39_Sale-10-1-199x300.jpg 199w\" sizes=\"auto, (max-width: 662px) 100vw, 662px\" \/><\/figure>\n\n\n\n<figure class=\"wp-block-image size-large\"><img loading=\"lazy\" decoding=\"async\" width=\"662\" height=\"1000\" data-id=\"191\" src=\"http:\/\/www.sy-ladysunshine.de\/wp-content\/uploads\/Phantom39_Sale-11-1.jpg\" alt=\"\" class=\"wp-image-191\" srcset=\"https:\/\/www.sy-ladysunshine.de\/wp-content\/uploads\/Phantom39_Sale-11-1.jpg 662w, https:\/\/www.sy-ladysunshine.de\/wp-content\/uploads\/Phantom39_Sale-11-1-199x300.jpg 199w\" sizes=\"auto, (max-width: 662px) 100vw, 662px\" \/><\/figure>\n\n\n\n<figure class=\"wp-block-image size-large\"><img loading=\"lazy\" decoding=\"async\" width=\"1000\" height=\"662\" data-id=\"193\" src=\"http:\/\/www.sy-ladysunshine.de\/wp-content\/uploads\/Phantom39_Sale-12-1.jpg\" alt=\"\" class=\"wp-image-193\" srcset=\"https:\/\/www.sy-ladysunshine.de\/wp-content\/uploads\/Phantom39_Sale-12-1.jpg 1000w, https:\/\/www.sy-ladysunshine.de\/wp-content\/uploads\/Phantom39_Sale-12-1-300x199.jpg 300w, https:\/\/www.sy-ladysunshine.de\/wp-content\/uploads\/Phantom39_Sale-12-1-768x508.jpg 768w\" sizes=\"auto, (max-width: 767px) 89vw, (max-width: 1000px) 54vw, (max-width: 1071px) 543px, 580px\" \/><\/figure>\n\n\n\n<figure class=\"wp-block-image size-large\"><img loading=\"lazy\" decoding=\"async\" width=\"1000\" height=\"662\" data-id=\"192\" src=\"http:\/\/www.sy-ladysunshine.de\/wp-content\/uploads\/Phantom39_Sale-13-1.jpg\" alt=\"\" class=\"wp-image-192\" srcset=\"https:\/\/www.sy-ladysunshine.de\/wp-content\/uploads\/Phantom39_Sale-13-1.jpg 1000w, https:\/\/www.sy-ladysunshine.de\/wp-content\/uploads\/Phantom39_Sale-13-1-300x199.jpg 300w, https:\/\/www.sy-ladysunshine.de\/wp-content\/uploads\/Phantom39_Sale-13-1-768x508.jpg 768w\" sizes=\"auto, (max-width: 767px) 89vw, (max-width: 1000px) 54vw, (max-width: 1071px) 543px, 580px\" \/><\/figure>\n\n\n\n<figure class=\"wp-block-image size-large\"><img loading=\"lazy\" decoding=\"async\" width=\"1000\" height=\"662\" data-id=\"194\" src=\"http:\/\/www.sy-ladysunshine.de\/wp-content\/uploads\/Phantom39_Sale-14-1.jpg\" alt=\"\" class=\"wp-image-194\" srcset=\"https:\/\/www.sy-ladysunshine.de\/wp-content\/uploads\/Phantom39_Sale-14-1.jpg 1000w, https:\/\/www.sy-ladysunshine.de\/wp-content\/uploads\/Phantom39_Sale-14-1-300x199.jpg 300w, https:\/\/www.sy-ladysunshine.de\/wp-content\/uploads\/Phantom39_Sale-14-1-768x508.jpg 768w\" sizes=\"auto, (max-width: 767px) 89vw, (max-width: 1000px) 54vw, (max-width: 1071px) 543px, 580px\" \/><\/figure>\n\n\n\n<figure class=\"wp-block-image size-large\"><img loading=\"lazy\" decoding=\"async\" width=\"1000\" height=\"662\" data-id=\"195\" src=\"http:\/\/www.sy-ladysunshine.de\/wp-content\/uploads\/Phantom39_Sale-15-1.jpg\" alt=\"\" class=\"wp-image-195\" srcset=\"https:\/\/www.sy-ladysunshine.de\/wp-content\/uploads\/Phantom39_Sale-15-1.jpg 1000w, https:\/\/www.sy-ladysunshine.de\/wp-content\/uploads\/Phantom39_Sale-15-1-300x199.jpg 300w, https:\/\/www.sy-ladysunshine.de\/wp-content\/uploads\/Phantom39_Sale-15-1-768x508.jpg 768w\" sizes=\"auto, (max-width: 767px) 89vw, (max-width: 1000px) 54vw, (max-width: 1071px) 543px, 580px\" \/><\/figure>\n\n\n\n<figure class=\"wp-block-image size-large\"><img loading=\"lazy\" decoding=\"async\" width=\"662\" height=\"1000\" data-id=\"196\" src=\"http:\/\/www.sy-ladysunshine.de\/wp-content\/uploads\/Phantom39_Sale-16-1.jpg\" alt=\"\" class=\"wp-image-196\" srcset=\"https:\/\/www.sy-ladysunshine.de\/wp-content\/uploads\/Phantom39_Sale-16-1.jpg 662w, https:\/\/www.sy-ladysunshine.de\/wp-content\/uploads\/Phantom39_Sale-16-1-199x300.jpg 199w\" sizes=\"auto, (max-width: 662px) 100vw, 662px\" \/><\/figure>\n\n\n\n<figure class=\"wp-block-image size-large\"><img loading=\"lazy\" decoding=\"async\" width=\"1000\" height=\"662\" data-id=\"197\" src=\"http:\/\/www.sy-ladysunshine.de\/wp-content\/uploads\/Phantom39_Sale-17-1.jpg\" alt=\"\" class=\"wp-image-197\" srcset=\"https:\/\/www.sy-ladysunshine.de\/wp-content\/uploads\/Phantom39_Sale-17-1.jpg 1000w, https:\/\/www.sy-ladysunshine.de\/wp-content\/uploads\/Phantom39_Sale-17-1-300x199.jpg 300w, https:\/\/www.sy-ladysunshine.de\/wp-content\/uploads\/Phantom39_Sale-17-1-768x508.jpg 768w\" sizes=\"auto, (max-width: 767px) 89vw, (max-width: 1000px) 54vw, (max-width: 1071px) 543px, 580px\" \/><\/figure>\n\n\n\n<figure class=\"wp-block-image size-large\"><img loading=\"lazy\" decoding=\"async\" width=\"662\" height=\"1000\" data-id=\"198\" src=\"http:\/\/www.sy-ladysunshine.de\/wp-content\/uploads\/Phantom39_Sale-18-1.jpg\" alt=\"\" class=\"wp-image-198\" srcset=\"https:\/\/www.sy-ladysunshine.de\/wp-content\/uploads\/Phantom39_Sale-18-1.jpg 662w, https:\/\/www.sy-ladysunshine.de\/wp-content\/uploads\/Phantom39_Sale-18-1-199x300.jpg 199w\" sizes=\"auto, (max-width: 662px) 100vw, 662px\" \/><\/figure>\n\n\n\n<figure class=\"wp-block-image size-large\"><img loading=\"lazy\" decoding=\"async\" width=\"662\" height=\"1000\" data-id=\"199\" src=\"http:\/\/www.sy-ladysunshine.de\/wp-content\/uploads\/Phantom39_Sale-19-1.jpg\" alt=\"\" class=\"wp-image-199\" srcset=\"https:\/\/www.sy-ladysunshine.de\/wp-content\/uploads\/Phantom39_Sale-19-1.jpg 662w, https:\/\/www.sy-ladysunshine.de\/wp-content\/uploads\/Phantom39_Sale-19-1-199x300.jpg 199w\" sizes=\"auto, (max-width: 662px) 100vw, 662px\" \/><\/figure>\n\n\n\n<figure class=\"wp-block-image size-large\"><img loading=\"lazy\" decoding=\"async\" width=\"1000\" height=\"662\" data-id=\"200\" src=\"http:\/\/www.sy-ladysunshine.de\/wp-content\/uploads\/Phantom39_Sale-20-1.jpg\" alt=\"\" class=\"wp-image-200\" srcset=\"https:\/\/www.sy-ladysunshine.de\/wp-content\/uploads\/Phantom39_Sale-20-1.jpg 1000w, https:\/\/www.sy-ladysunshine.de\/wp-content\/uploads\/Phantom39_Sale-20-1-300x199.jpg 300w, https:\/\/www.sy-ladysunshine.de\/wp-content\/uploads\/Phantom39_Sale-20-1-768x508.jpg 768w\" sizes=\"auto, (max-width: 767px) 89vw, (max-width: 1000px) 54vw, (max-width: 1071px) 543px, 580px\" \/><\/figure>\n\n\n\n<figure class=\"wp-block-image size-large\"><img loading=\"lazy\" decoding=\"async\" width=\"662\" height=\"1000\" data-id=\"202\" src=\"http:\/\/www.sy-ladysunshine.de\/wp-content\/uploads\/Phantom39_Sale-21-1.jpg\" alt=\"\" class=\"wp-image-202\" srcset=\"https:\/\/www.sy-ladysunshine.de\/wp-content\/uploads\/Phantom39_Sale-21-1.jpg 662w, https:\/\/www.sy-ladysunshine.de\/wp-content\/uploads\/Phantom39_Sale-21-1-199x300.jpg 199w\" sizes=\"auto, (max-width: 662px) 100vw, 662px\" \/><\/figure>\n\n\n\n<figure class=\"wp-block-image size-large\"><img loading=\"lazy\" decoding=\"async\" width=\"1000\" height=\"662\" data-id=\"201\" src=\"http:\/\/www.sy-ladysunshine.de\/wp-content\/uploads\/Phantom39_Sale-22-1.jpg\" alt=\"\" class=\"wp-image-201\" srcset=\"https:\/\/www.sy-ladysunshine.de\/wp-content\/uploads\/Phantom39_Sale-22-1.jpg 1000w, https:\/\/www.sy-ladysunshine.de\/wp-content\/uploads\/Phantom39_Sale-22-1-300x199.jpg 300w, https:\/\/www.sy-ladysunshine.de\/wp-content\/uploads\/Phantom39_Sale-22-1-768x508.jpg 768w\" sizes=\"auto, (max-width: 767px) 89vw, (max-width: 1000px) 54vw, (max-width: 1071px) 543px, 580px\" \/><\/figure>\n\n\n\n<figure class=\"wp-block-image size-large\"><img loading=\"lazy\" decoding=\"async\" width=\"1000\" height=\"662\" data-id=\"203\" src=\"http:\/\/www.sy-ladysunshine.de\/wp-content\/uploads\/Phantom39_Sale-23-1.jpg\" alt=\"\" class=\"wp-image-203\" srcset=\"https:\/\/www.sy-ladysunshine.de\/wp-content\/uploads\/Phantom39_Sale-23-1.jpg 1000w, https:\/\/www.sy-ladysunshine.de\/wp-content\/uploads\/Phantom39_Sale-23-1-300x199.jpg 300w, https:\/\/www.sy-ladysunshine.de\/wp-content\/uploads\/Phantom39_Sale-23-1-768x508.jpg 768w\" sizes=\"auto, (max-width: 767px) 89vw, (max-width: 1000px) 54vw, (max-width: 1071px) 543px, 580px\" \/><\/figure>\n\n\n\n<figure class=\"wp-block-image size-large\"><img loading=\"lazy\" decoding=\"async\" width=\"1000\" height=\"662\" data-id=\"205\" src=\"http:\/\/www.sy-ladysunshine.de\/wp-content\/uploads\/Phantom39_Sale-24-1.jpg\" alt=\"\" class=\"wp-image-205\" srcset=\"https:\/\/www.sy-ladysunshine.de\/wp-content\/uploads\/Phantom39_Sale-24-1.jpg 1000w, https:\/\/www.sy-ladysunshine.de\/wp-content\/uploads\/Phantom39_Sale-24-1-300x199.jpg 300w, https:\/\/www.sy-ladysunshine.de\/wp-content\/uploads\/Phantom39_Sale-24-1-768x508.jpg 768w\" sizes=\"auto, (max-width: 767px) 89vw, (max-width: 1000px) 54vw, (max-width: 1071px) 543px, 580px\" \/><\/figure>\n\n\n\n<figure class=\"wp-block-image size-large\"><img loading=\"lazy\" decoding=\"async\" width=\"1000\" height=\"662\" data-id=\"204\" src=\"http:\/\/www.sy-ladysunshine.de\/wp-content\/uploads\/Phantom39_Sale-25-1.jpg\" alt=\"\" class=\"wp-image-204\" srcset=\"https:\/\/www.sy-ladysunshine.de\/wp-content\/uploads\/Phantom39_Sale-25-1.jpg 1000w, https:\/\/www.sy-ladysunshine.de\/wp-content\/uploads\/Phantom39_Sale-25-1-300x199.jpg 300w, https:\/\/www.sy-ladysunshine.de\/wp-content\/uploads\/Phantom39_Sale-25-1-768x508.jpg 768w\" sizes=\"auto, (max-width: 767px) 89vw, (max-width: 1000px) 54vw, (max-width: 1071px) 543px, 580px\" \/><\/figure>\n<\/figure>\n","protected":false},"excerpt":{"rendered":"<p>Allgemein Vetus M4.17, 45PS, Zweikreisk\u00fchlung, 900h 90l Dieseltank SEPAR Filter SWK 2000 mit Wasserabscheider und Schauglas 450l Wasser in 3 Tanks individuell zuschaltbar, Fein- und Aktivkohlefilteranlage Wassermacher Katadyn 40E mit extended cruising kit (2016) F\u00e4kalientank Elektrische Druckwasserpumpe f\u00fcr Warm- und Kaltwasser (2016) in Pantry, Bad und Heckdusche, Salzwasseranschluss mit Fu\u00dfpumpe und Handpumpe f\u00fcr Trinkwasser in &hellip; <\/p>\n<p class=\"link-more\"><a href=\"https:\/\/www.sy-ladysunshine.de\/index.php\/unser-boot\/\" class=\"more-link\">Continue reading<span class=\"screen-reader-text\"> &#8220;Unser Boot&#8221;<\/span><\/a><\/p>\n","protected":false},"author":1,"featured_media":0,"parent":0,"menu_order":0,"comment_status":"closed","ping_status":"closed","template":"","meta":{"footnotes":""},"class_list":["post-140","page","type-page","status-publish","hentry"],"_links":{"self":[{"href":"https:\/\/www.sy-ladysunshine.de\/index.php\/wp-json\/wp\/v2\/pages\/140","targetHints":{"allow":["GET"]}}],"collection":[{"href":"https:\/\/www.sy-ladysunshine.de\/index.php\/wp-json\/wp\/v2\/pages"}],"about":[{"href":"https:\/\/www.sy-ladysunshine.de\/index.php\/wp-json\/wp\/v2\/types\/page"}],"author":[{"embeddable":true,"href":"https:\/\/www.sy-ladysunshine.de\/index.php\/wp-json\/wp\/v2\/users\/1"}],"replies":[{"embeddable":true,"href":"https:\/\/www.sy-ladysunshine.de\/index.php\/wp-json\/wp\/v2\/comments?post=140"}],"version-history":[{"count":3,"href":"https:\/\/www.sy-ladysunshine.de\/index.php\/wp-json\/wp\/v2\/pages\/140\/revisions"}],"predecessor-version":[{"id":206,"href":"https:\/\/www.sy-ladysunshine.de\/index.php\/wp-json\/wp\/v2\/pages\/140\/revisions\/206"}],"wp:attachment":[{"href":"https:\/\/www.sy-ladysunshine.de\/index.php\/wp-json\/wp\/v2\/media?parent=140"}],"curies":[{"name":"wp","href":"https:\/\/api.w.org\/{rel}","templated":true}]}}